{"id":23,"date":"2011-02-07T17:00:29","date_gmt":"2011-02-07T16:00:29","guid":{"rendered":"http:\/\/www.elvalledeloscaidos.es\/portal\/?page_id=23"},"modified":"2018-06-12T12:52:21","modified_gmt":"2018-06-12T11:52:21","slug":"fines-de-la-advc","status":"publish","type":"page","link":"https:\/\/www.elvalledeloscaidos.es\/portal\/?page_id=23","title":{"rendered":"FINES DE LA ADVC"},"content":{"rendered":"<table width=\"550\" border=\"0\" cellspacing=\"2\" cellpadding=\"2\">\n<tbody>\n<tr>\n<td width=\"762\" valign=\"top\">\n<div>\n<p class=\"Estilo2\">FINES DE LA ASOCIACI\u00d3N PARA LA DEFENSA DEL VALLE DE LOS CA\u00cdDOS<\/p>\n<\/div>\n<\/td>\n<\/tr>\n<tr>\n<td>\n<p class=\"Estilo3\">A mediados de 2009 un grupo de ciudadanos crean la <strong>\u00abAsociaci\u00f3n para la Defensa del Valle de los Ca\u00eddos\u00bb<\/strong>. Este peque\u00f1o grupo de espa\u00f1oles, tienen como nexo com\u00fan fundamental su estado de alarma ante las recientes noticias y asombrosos acontecimientos sobre el Valle de los Ca\u00eddos, monumento erigido en mitad del siglo pasado,como s\u00edmbolo de reconciliaci\u00f3n entre las dos tristemente famosas Espa\u00f1as que se enfrentaron en la guerra civil de 1936.<\/p>\n<p class=\"Estilo3\">El Valle de los Ca\u00eddos, olvidado en atenci\u00f3n y mantenimiento por todos los gobiernos de la democracia y hoy salvajemente atacado desde la esferas del poder, es un monumento que consideramos que tenemos la obligaci\u00f3n de defender en todos los frentes que tiene abiertos en su contra, y que por desgracias, son muchos.<\/p>\n<p class=\"Estilo3\">Por ello la Asociaci\u00f3n Para la Defensa del Valle de los Ca\u00eddos se marca desde el primer minuto de su existencia los siguientes objetivos fundamentales (extra\u00eddo de los estatutos):<\/p>\n<ul type=\"disc\">\n<li class=\"Estilo4\">\n<div><span style=\"color: #993300;\">Defensa del monumento denominado \u201cMonumento Nacional a los Ca\u00eddos\u201d, sito en el Valle de Cuelgamuros, t\u00e9rmino municipal de San Lorenzo de el Escorial (Madrid) en su conjunto monumental, arquitect\u00f3nico, ecol\u00f3gico, hist\u00f3rico art\u00edstico y religioso.<\/span><\/div>\n<\/li>\n<li class=\"Estilo4\">\n<div><span style=\"color: #993300;\">Promoci\u00f3n desarrollo y divulgaci\u00f3n de la construcci\u00f3n del Valle de los Ca\u00eddos, y su car\u00e1cter de reconciliaci\u00f3n entre los espa\u00f1oles.<\/span><\/div>\n<\/li>\n<li class=\"Estilo4\">\n<div><span style=\"color: #993300;\">La promoci\u00f3n y divulgaci\u00f3n de un mayor conocimiento de la funci\u00f3n, composici\u00f3n, t\u00e9cnicas y doctrina que dieron lugar a la obra de la Bas\u00edlica del Valle de los Ca\u00eddos y del conjunto entero del Valle.<\/span><\/div>\n<\/li>\n<li class=\"Estilo4\">\n<div><span style=\"color: #b88309;\"><span style=\"color: #993300;\">Atenci\u00f3n a quienes soliciten informaci\u00f3n sobre los enterramientos en el Valle de los Ca\u00eddos y gesti\u00f3n de la localizaci\u00f3n de los restos en la Bas\u00edlica<\/span>.<\/span><\/div>\n<\/li>\n<\/ul>\n<p class=\"Estilo3\">Esta asociaci\u00f3n nace en un momento especialmente complicado para el Valle de los Ca\u00eddos. Las autoridades en una decisi\u00f3n que supone un grave caso de recorte de libertades , han cerrado el Valle, dejando tan solo abierta la Basilica para el culto una hora diaria. Al mismo tiempo se proponen actuaciones de mantenimiento que bordean la locura y se anuncian obras de mantenimiento que nunca comienzan. Mientras tanto se hostiga de forma grave a la Comunidad religiosa que desde hace mas de 50 a\u00f1os abnegadamente cumplen con su obligaci\u00f3n de rezar por todos y cada uno de los restos de los espa\u00f1oles que, de ambos bandos de la contienda, reposan en los osarios de la Basilica, restos de los cuales, los monjes benedictinos, son custodios.<\/p>\n<p class=\"Estilo3\">Trabajo tenemos, y mucho, para cumplir nosotros tambi\u00e9n las obligaciones que nos hemos marcado, y que no admiten demora alguna.<\/p>\n<\/td>\n<\/tr>\n<\/tbody>\n<\/table>\n","protected":false},"excerpt":{"rendered":"<p>FINES DE LA ASOCIACI\u00d3N PARA LA DEFENSA DEL VALLE DE LOS CA\u00cdDOS A mediados de 2009 un grupo de ciudadanos crean la \u00abAsociaci\u00f3n para la Defensa del Valle de los Ca\u00eddos\u00bb. Este peque\u00f1o grupo de espa\u00f1oles, tienen como nexo com\u00fan fundamental su estado de alarma ante las recientes noticias y [&hellip;]<\/p>\n","protected":false},"author":1,"featured_media":5376,"parent":0,"menu_order":1,"comment_status":"closed","ping_status":"closed","template":"","meta":[],"yoast_head":"<!-- This site is optimized with the Yoast SEO plugin v18.6 - https:\/\/yoast.com\/wordpress\/plugins\/seo\/ -->\n<title>FINES DE LA ADVC - ADVC<\/title>\n<meta name=\"robots\" content=\"index, follow, max-snippet:-1, max-image-preview:large, max-video-preview:-1\" \/>\n<link rel=\"canonical\" href=\"https:\/\/www.elvalledeloscaidos.es\/portal\/?page_id=23\" \/>\n<meta property=\"og:locale\" content=\"es_ES\" \/>\n<meta property=\"og:type\" content=\"article\" \/>\n<meta property=\"og:title\" content=\"FINES DE LA ADVC - ADVC\" \/>\n<meta property=\"og:description\" content=\"FINES DE LA ASOCIACI\u00d3N PARA LA DEFENSA DEL VALLE DE LOS CA\u00cdDOS A mediados de 2009 un grupo de ciudadanos crean la \u00abAsociaci\u00f3n para la Defensa del Valle de los Ca\u00eddos\u00bb. Este peque\u00f1o grupo de espa\u00f1oles, tienen como nexo com\u00fan fundamental su estado de alarma ante las recientes noticias y [&hellip;]\" \/>\n<meta property=\"og:url\" content=\"https:\/\/www.elvalledeloscaidos.es\/portal\/?page_id=23\" \/>\n<meta property=\"og:site_name\" content=\"ADVC\" \/>\n<meta property=\"article:modified_time\" content=\"2018-06-12T11:52:21+00:00\" \/>\n<meta property=\"og:image\" content=\"https:\/\/www.elvalledeloscaidos.es\/portal\/wp-content\/uploads\/2018\/04\/DJI_0258.jpg\" \/>\n\t<meta property=\"og:image:width\" content=\"3000\" \/>\n\t<meta property=\"og:image:height\" content=\"1687\" \/>\n\t<meta property=\"og:image:type\" content=\"image\/jpeg\" \/>\n<meta name=\"twitter:card\" content=\"summary_large_image\" \/>\n<meta name=\"twitter:label1\" content=\"Tiempo de lectura\" \/>\n\t<meta name=\"twitter:data1\" content=\"2 minutos\" \/>\n<script type=\"application\/ld+json\" class=\"yoast-schema-graph\">{\"@context\":\"https:\/\/schema.org\",\"@graph\":[{\"@type\":\"WebSite\",\"@id\":\"https:\/\/www.elvalledeloscaidos.es\/portal\/#website\",\"url\":\"https:\/\/www.elvalledeloscaidos.es\/portal\/\",\"name\":\"ADVC\",\"description\":\"Asociaci\u00f3n Para la Defensa del Valle de los Ca\u00eddos\",\"potentialAction\":[{\"@type\":\"SearchAction\",\"target\":{\"@type\":\"EntryPoint\",\"urlTemplate\":\"https:\/\/www.elvalledeloscaidos.es\/portal\/?s={search_term_string}\"},\"query-input\":\"required name=search_term_string\"}],\"inLanguage\":\"es\"},{\"@type\":\"ImageObject\",\"@id\":\"https:\/\/www.elvalledeloscaidos.es\/portal\/?page_id=23#primaryimage\",\"inLanguage\":\"es\",\"url\":\"https:\/\/www.elvalledeloscaidos.es\/portal\/wp-content\/uploads\/2018\/04\/DJI_0258.jpg\",\"contentUrl\":\"https:\/\/www.elvalledeloscaidos.es\/portal\/wp-content\/uploads\/2018\/04\/DJI_0258.jpg\",\"width\":3000,\"height\":1687},{\"@type\":\"WebPage\",\"@id\":\"https:\/\/www.elvalledeloscaidos.es\/portal\/?page_id=23#webpage\",\"url\":\"https:\/\/www.elvalledeloscaidos.es\/portal\/?page_id=23\",\"name\":\"FINES DE LA ADVC - ADVC\",\"isPartOf\":{\"@id\":\"https:\/\/www.elvalledeloscaidos.es\/portal\/#website\"},\"primaryImageOfPage\":{\"@id\":\"https:\/\/www.elvalledeloscaidos.es\/portal\/?page_id=23#primaryimage\"},\"datePublished\":\"2011-02-07T16:00:29+00:00\",\"dateModified\":\"2018-06-12T11:52:21+00:00\",\"breadcrumb\":{\"@id\":\"https:\/\/www.elvalledeloscaidos.es\/portal\/?page_id=23#breadcrumb\"},\"inLanguage\":\"es\",\"potentialAction\":[{\"@type\":\"ReadAction\",\"target\":[\"https:\/\/www.elvalledeloscaidos.es\/portal\/?page_id=23\"]}]},{\"@type\":\"BreadcrumbList\",\"@id\":\"https:\/\/www.elvalledeloscaidos.es\/portal\/?page_id=23#breadcrumb\",\"itemListElement\":[{\"@type\":\"ListItem\",\"position\":1,\"name\":\"Portada\",\"item\":\"https:\/\/www.elvalledeloscaidos.es\/portal\"},{\"@type\":\"ListItem\",\"position\":2,\"name\":\"FINES DE LA ADVC\"}]}]}<\/script>\n<!-- \/ Yoast SEO plugin. -->","yoast_head_json":{"title":"FINES DE LA ADVC - ADVC","robots":{"index":"index","follow":"follow","max-snippet":"max-snippet:-1","max-image-preview":"max-image-preview:large","max-video-preview":"max-video-preview:-1"},"canonical":"https:\/\/www.elvalledeloscaidos.es\/portal\/?page_id=23","og_locale":"es_ES","og_type":"article","og_title":"FINES DE LA ADVC - ADVC","og_description":"FINES DE LA ASOCIACI\u00d3N PARA LA DEFENSA DEL VALLE DE LOS CA\u00cdDOS A mediados de 2009 un grupo de ciudadanos crean la \u00abAsociaci\u00f3n para la Defensa del Valle de los Ca\u00eddos\u00bb. Este peque\u00f1o grupo de espa\u00f1oles, tienen como nexo com\u00fan fundamental su estado de alarma ante las recientes noticias y [&hellip;]","og_url":"https:\/\/www.elvalledeloscaidos.es\/portal\/?page_id=23","og_site_name":"ADVC","article_modified_time":"2018-06-12T11:52:21+00:00","og_image":[{"width":3000,"height":1687,"url":"https:\/\/www.elvalledeloscaidos.es\/portal\/wp-content\/uploads\/2018\/04\/DJI_0258.jpg","type":"image\/jpeg"}],"twitter_card":"summary_large_image","twitter_misc":{"Tiempo de lectura":"2 minutos"},"schema":{"@context":"https:\/\/schema.org","@graph":[{"@type":"WebSite","@id":"https:\/\/www.elvalledeloscaidos.es\/portal\/#website","url":"https:\/\/www.elvalledeloscaidos.es\/portal\/","name":"ADVC","description":"Asociaci\u00f3n Para la Defensa del Valle de los Ca\u00eddos","potentialAction":[{"@type":"SearchAction","target":{"@type":"EntryPoint","urlTemplate":"https:\/\/www.elvalledeloscaidos.es\/portal\/?s={search_term_string}"},"query-input":"required name=search_term_string"}],"inLanguage":"es"},{"@type":"ImageObject","@id":"https:\/\/www.elvalledeloscaidos.es\/portal\/?page_id=23#primaryimage","inLanguage":"es","url":"https:\/\/www.elvalledeloscaidos.es\/portal\/wp-content\/uploads\/2018\/04\/DJI_0258.jpg","contentUrl":"https:\/\/www.elvalledeloscaidos.es\/portal\/wp-content\/uploads\/2018\/04\/DJI_0258.jpg","width":3000,"height":1687},{"@type":"WebPage","@id":"https:\/\/www.elvalledeloscaidos.es\/portal\/?page_id=23#webpage","url":"https:\/\/www.elvalledeloscaidos.es\/portal\/?page_id=23","name":"FINES DE LA ADVC - ADVC","isPartOf":{"@id":"https:\/\/www.elvalledeloscaidos.es\/portal\/#website"},"primaryImageOfPage":{"@id":"https:\/\/www.elvalledeloscaidos.es\/portal\/?page_id=23#primaryimage"},"datePublished":"2011-02-07T16:00:29+00:00","dateModified":"2018-06-12T11:52:21+00:00","breadcrumb":{"@id":"https:\/\/www.elvalledeloscaidos.es\/portal\/?page_id=23#breadcrumb"},"inLanguage":"es","potentialAction":[{"@type":"ReadAction","target":["https:\/\/www.elvalledeloscaidos.es\/portal\/?page_id=23"]}]},{"@type":"BreadcrumbList","@id":"https:\/\/www.elvalledeloscaidos.es\/portal\/?page_id=23#breadcrumb","itemListElement":[{"@type":"ListItem","position":1,"name":"Portada","item":"https:\/\/www.elvalledeloscaidos.es\/portal"},{"@type":"ListItem","position":2,"name":"FINES DE LA ADVC"}]}]}},"_links":{"self":[{"href":"https:\/\/www.elvalledeloscaidos.es\/portal\/index.php?rest_route=\/wp\/v2\/pages\/23"}],"collection":[{"href":"https:\/\/www.elvalledeloscaidos.es\/portal\/index.php?rest_route=\/wp\/v2\/pages"}],"about":[{"href":"https:\/\/www.elvalledeloscaidos.es\/portal\/index.php?rest_route=\/wp\/v2\/types\/page"}],"author":[{"embeddable":true,"href":"https:\/\/www.elvalledeloscaidos.es\/portal\/index.php?rest_route=\/wp\/v2\/users\/1"}],"replies":[{"embeddable":true,"href":"https:\/\/www.elvalledeloscaidos.es\/portal\/index.php?rest_route=%2Fwp%2Fv2%2Fcomments&post=23"}],"version-history":[{"count":29,"href":"https:\/\/www.elvalledeloscaidos.es\/portal\/index.php?rest_route=\/wp\/v2\/pages\/23\/revisions"}],"predecessor-version":[{"id":5488,"href":"https:\/\/www.elvalledeloscaidos.es\/portal\/index.php?rest_route=\/wp\/v2\/pages\/23\/revisions\/5488"}],"wp:featuredmedia":[{"embeddable":true,"href":"https:\/\/www.elvalledeloscaidos.es\/portal\/index.php?rest_route=\/wp\/v2\/media\/5376"}],"wp:attachment":[{"href":"https:\/\/www.elvalledeloscaidos.es\/portal\/index.php?rest_route=%2Fwp%2Fv2%2Fmedia&parent=23"}],"curies":[{"name":"wp","href":"https:\/\/api.w.org\/{rel}","templated":true}]}}