{"id":32,"date":"2011-02-07T17:02:11","date_gmt":"2011-02-07T16:02:11","guid":{"rendered":"http:\/\/www.elvalledeloscaidos.es\/portal\/?page_id=32"},"modified":"2025-11-24T18:43:58","modified_gmt":"2025-11-24T17:43:58","slug":"afiliarse","status":"publish","type":"page","link":"https:\/\/www.elvalledeloscaidos.es\/portal\/?page_id=32","title":{"rendered":"ASOCIARSE"},"content":{"rendered":"<p><b><\/b>En estos momentos tenemos cerrada la posibilidad de asociarse.<\/p>\n<p>En breves fechas el cupo de socios volver\u00e1 a ser reabierto.<\/p>\n<p>Muchas gracias<\/p>\n<p>ADVC<\/p>\n<table width=\"500\" border=\"0\" cellspacing=\"3\" cellpadding=\"3\">\n<tbody>\n<tr>\n<td class=\"assa\" bgcolor=\"#eeeeee\" colspan=\"2\">DONATIVOS<\/td>\n<\/tr>\n<tr>\n<td width=\"192\" class=\"Estilo2 pal\" bgcolor=\"#c0c0dd\"><strong>Transferencia bancaria<\/strong><\/td>\n<td width=\"337\" bgcolor=\"#ffffdd\"><span class=\"texto666\"><span class=\"Estilo2 pal\"><strong>&#8211; BANCO DE SANTANDER:<br \/>\nIBAN <span>ES74 0049 4008 41 2614033646<\/span><\/strong><\/span><\/span><\/td>\n<\/tr>\n<tr>\n<td class=\"Estilo2 pal\" bgcolor=\"#c0c0dd\"><strong>Tal\u00f3n nominativo<\/strong><\/td>\n<td class=\"Estilo2 pal\" bgcolor=\"#ffffdd\"><strong>A nombre de la Asociaci\u00f3n Para la Defensa del Valle de los Ca\u00eddos. Apartado de correos 156.166; 28080 Madrid<\/strong><\/td>\n<\/tr>\n<tr>\n<td class=\"pal Estilo1\" bgcolor=\"#c0c0dd\"><strong>Paypal<\/strong><\/td>\n<td class=\"pal\" bgcolor=\"#ffffdd\">\n<form action=\"https:\/\/www.paypal.com\/cgi-bin\/webscr\" method=\"post\"><input name=\"cmd\" type=\"hidden\" value=\"_s-xclick\" \/><br \/>\n<input name=\"encrypted\" type=\"hidden\" value=\"-----BEGIN PKCS7-----MIIHfwYJKoZIhvcNAQcEoIIHcDCCB2wCAQExggEwMIIBLAIBADCBlDCBjjELMAkGA1UEBhMCVVMxCzAJBgNVBAgTAkNBMRYwFAYDVQQHEw1Nb3VudGFpbiBWaWV3MRQwEgYDVQQKEwtQYXlQYWwgSW5jLjETMBEGA1UECxQKbGl2ZV9jZXJ0czERMA8GA1UEAxQIbGl2ZV9hcGkxHDAaBgkqhkiG9w0BCQEWDXJlQHBheXBhbC5jb20CAQAwDQYJKoZIhvcNAQEBBQAEgYAHActFmr65aDhwi+32Tbzu3KxQttiQlUiWs\/omwK3rm7J0s+fKVKgomEdyx8g3+1gOmo72GX2c+cD\/4BGZuiUhOzPCT1SIaDeyHHVasbnsZaApzuaqD4n2qtCuhH4hMfM9FCmwU+KG10GKNC4ZK1VaQ0vtT01HtQ9np5rSemUjOzELMAkGBSsOAwIaBQAwgfwGCSqGSIb3DQEHATAUBggqhkiG9w0DBwQIMuLXhVq+jvWAgdhk4EcMl6F+AvX4F7tLuC\/fBFGU1mdnSRIL9rYDb9o6SIYnINXcjf03MQe23\/yUcsOdCr56aPgk1oMUPfhIEoDryyHHQwK8ett7fale\/GtVpa\/v5nNp1IRpUB0xNHDoi9zf1fr9ubWFxExc6w5epRlorMXOyMClHtt149Y3THptdbTsZzx6plV2zBeutK2N3i95YN6rhopFEwqSNd\/IUHLRLC91GKzhKkw94wTh9\/\/4m\/\/mjqTvKgWD9FpmF0UMIVc7Irpn6c0tN\/\/vPSUT6RzPEX+UgN8B77ugggOHMIIDgzCCAuygAwIBAgIBADANBgkqhkiG9w0BAQUFADCBjjELMAkGA1UEBhMCVVMxCzAJBgNVBAgTAkNBMRYwFAYDVQQHEw1Nb3VudGFpbiBWaWV3MRQwEgYDVQQKEwtQYXlQYWwgSW5jLjETMBEGA1UECxQKbGl2ZV9jZXJ0czERMA8GA1UEAxQIbGl2ZV9hcGkxHDAaBgkqhkiG9w0BCQEWDXJlQHBheXBhbC5jb20wHhcNMDQwMjEzMTAxMzE1WhcNMzUwMjEzMTAxMzE1WjCBjjELMAkGA1UEBhMCVVMxCzAJBgNVBAgTAkNBMRYwFAYDVQQHEw1Nb3VudGFpbiBWaWV3MRQwEgYDVQQKEwtQYXlQYWwgSW5jLjETMBEGA1UECxQKbGl2ZV9jZXJ0czERMA8GA1UEAxQIbGl2ZV9hcGkxHDAaBgkqhkiG9w0BCQEWDXJlQHBheXBhbC5jb20wgZ8wDQYJKoZIhvcNAQEBBQADgY0AMIGJAoGBAMFHTt38RMxLXJyO2SmS+Ndl72T7oKJ4u4uw+6awntALWh03PewmIJuzbALScsTS4sZoS1fKciBGoh11gIfHzylvkdNe\/hJl66\/RGqrj5rFb08sAABNTzDTiqqNpJeBsYs\/c2aiGozptX2RlnBktH+SUNpAajW724Nv2Wvhif6sFAgMBAAGjge4wgeswHQYDVR0OBBYEFJaffLvGbxe9WT9S1wob7BDWZJRrMIG7BgNVHSMEgbMwgbCAFJaffLvGbxe9WT9S1wob7BDWZJRroYGUpIGRMIGOMQswCQYDVQQGEwJVUzELMAkGA1UECBMCQ0ExFjAUBgNVBAcTDU1vdW50YWluIFZpZXcxFDASBgNVBAoTC1BheVBhbCBJbmMuMRMwEQYDVQQLFApsaXZlX2NlcnRzMREwDwYDVQQDFAhsaXZlX2FwaTEcMBoGCSqGSIb3DQEJARYNcmVAcGF5cGFsLmNvbYIBADAMBgNVHRMEBTADAQH\/MA0GCSqGSIb3DQEBBQUAA4GBAIFfOlaagFrl71+jq6OKidbWFSE+Q4FqROvdgIONth+8kSK\/\/Y\/4ihuE4Ymvzn5ceE3S\/iBSQQMjyvb+s2TWbQYDwcp129OPIbD9epdr4tJOUNiSojw7BHwYRiPh58S1xGlFgHFXwrEBb3dgNbMUa+u4qectsMAXpVHnD9wIyfmHMYIBmjCCAZYCAQEwgZQwgY4xCzAJBgNVBAYTAlVTMQswCQYDVQQIEwJDQTEWMBQGA1UEBxMNTW91bnRhaW4gVmlldzEUMBIGA1UEChMLUGF5UGFsIEluYy4xEzARBgNVBAsUCmxpdmVfY2VydHMxETAPBgNVBAMUCGxpdmVfYXBpMRwwGgYJKoZIhvcNAQkBFg1yZUBwYXlwYWwuY29tAgEAMAkGBSsOAwIaBQCgXTAYBgkqhkiG9w0BCQMxCwYJKoZIhvcNAQcBMBwGCSqGSIb3DQEJBTEPFw0xMjEyMjcwOTQ4MjVaMCMGCSqGSIb3DQEJBDEWBBQW5a+YNGNpVMwft5kNv2wVS0WhZTANBgkqhkiG9w0BAQEFAASBgFdMRe1V+aISkSE5+2h\/lxwKkl2ibGoD\/lKGbXTUKyXCaNdgbxvRosyGYrtfp4ffFgWQ3PRMcTZ9Z\/2cY6dR2\/dABQpW5KPASeS6Bu0IAJCi5Dkmt3vKMHjERHgMURu6M3Sts75\/b9R5jAJ0MUwVEH1nQ+NtrUSyAIf\/0NNPesEn-----END PKCS7----- \" \/><br \/>\n<input name=\"submit\" type=\"image\" alt=\"PayPal. La forma r\u00e1pida y segura de pagar en Internet.\" src=\"https:\/\/www.paypalobjects.com\/es_ES\/ES\/i\/btn\/btn_donateCC_LG.gif\" \/><br \/>\n<img decoding=\"async\" loading=\"lazy\" width=\"1\" height=\"1\" alt=\"\" src=\"https:\/\/www.paypalobjects.com\/es_ES\/i\/scr\/pixel.gif\" border=\"0\" \/><\/form>\n<\/td>\n<\/tr>\n<tr>\n<td bgcolor=\"#eeeeee\" colspan=\"2\">\n<div align=\"justify\"><span class=\"texto\"><span class=\"texto\"><span class=\"texto Estilo3\">Los datos personales recabados por la Asociaci\u00f3n Para la Defensa del Valle de los Ca\u00eddos\u00bb, son tratados de acuerdo con la vigente normativa de protecci\u00f3n de datos de car\u00e1cter personal y de servicios de la sociedad de la informaci\u00f3n y comercio electr\u00f3nico. Dichos datos ser\u00e1n introducidos en un fichero automatizado titularidad de la ADVC. No obstante, puede ejercer su derecho de modificaci\u00f3n, rectificaci\u00f3n o cancelaci\u00f3n de los mismos solicit\u00e1ndolo por escrito a <a href=\"mailto:info@elvalledeloscaidos.es\">info@elvalledeloscaidos.es<\/a><\/span><\/span><\/span><\/div>\n<\/td>\n<\/tr>\n<\/tbody>\n<\/table>\n","protected":false},"excerpt":{"rendered":"<p>En estos momentos tenemos cerrada la posibilidad de asociarse. En breves fechas el cupo de socios volver\u00e1 a ser reabierto. Muchas gracias ADVC DONATIVOS Transferencia bancaria &#8211; BANCO DE SANTANDER: IBAN ES74 0049 4008 41 2614033646 Tal\u00f3n nominativo A nombre de la Asociaci\u00f3n Para la Defensa del Valle de los [&hellip;]<\/p>\n","protected":false},"author":1,"featured_media":0,"parent":0,"menu_order":2,"comment_status":"closed","ping_status":"closed","template":"","meta":[],"yoast_head":"<!-- This site is optimized with the Yoast SEO plugin v18.6 - https:\/\/yoast.com\/wordpress\/plugins\/seo\/ -->\n<title>ASOCIARSE - ADVC<\/title>\n<meta name=\"robots\" content=\"index, follow, max-snippet:-1, max-image-preview:large, max-video-preview:-1\" \/>\n<link rel=\"canonical\" href=\"https:\/\/www.elvalledeloscaidos.es\/portal\/?page_id=32\" \/>\n<meta property=\"og:locale\" content=\"es_ES\" \/>\n<meta property=\"og:type\" content=\"article\" \/>\n<meta property=\"og:title\" content=\"ASOCIARSE - ADVC\" \/>\n<meta property=\"og:description\" content=\"En estos momentos tenemos cerrada la posibilidad de asociarse. En breves fechas el cupo de socios volver\u00e1 a ser reabierto. Muchas gracias ADVC DONATIVOS Transferencia bancaria &#8211; BANCO DE SANTANDER: IBAN ES74 0049 4008 41 2614033646 Tal\u00f3n nominativo A nombre de la Asociaci\u00f3n Para la Defensa del Valle de los [&hellip;]\" \/>\n<meta property=\"og:url\" content=\"https:\/\/www.elvalledeloscaidos.es\/portal\/?page_id=32\" \/>\n<meta property=\"og:site_name\" content=\"ADVC\" \/>\n<meta property=\"article:modified_time\" content=\"2025-11-24T17:43:58+00:00\" \/>\n<meta property=\"og:image\" content=\"https:\/\/www.paypalobjects.com\/es_ES\/i\/scr\/pixel.gif\" \/>\n<meta name=\"twitter:card\" content=\"summary_large_image\" \/>\n<meta name=\"twitter:label1\" content=\"Tiempo de lectura\" \/>\n\t<meta name=\"twitter:data1\" content=\"1 minuto\" \/>\n<script type=\"application\/ld+json\" class=\"yoast-schema-graph\">{\"@context\":\"https:\/\/schema.org\",\"@graph\":[{\"@type\":\"WebSite\",\"@id\":\"https:\/\/www.elvalledeloscaidos.es\/portal\/#website\",\"url\":\"https:\/\/www.elvalledeloscaidos.es\/portal\/\",\"name\":\"ADVC\",\"description\":\"Asociaci\u00f3n Para la Defensa del Valle de los Ca\u00eddos\",\"potentialAction\":[{\"@type\":\"SearchAction\",\"target\":{\"@type\":\"EntryPoint\",\"urlTemplate\":\"https:\/\/www.elvalledeloscaidos.es\/portal\/?s={search_term_string}\"},\"query-input\":\"required name=search_term_string\"}],\"inLanguage\":\"es\"},{\"@type\":\"ImageObject\",\"@id\":\"https:\/\/www.elvalledeloscaidos.es\/portal\/?page_id=32#primaryimage\",\"inLanguage\":\"es\",\"url\":\"https:\/\/www.paypalobjects.com\/es_ES\/i\/scr\/pixel.gif\",\"contentUrl\":\"https:\/\/www.paypalobjects.com\/es_ES\/i\/scr\/pixel.gif\"},{\"@type\":\"WebPage\",\"@id\":\"https:\/\/www.elvalledeloscaidos.es\/portal\/?page_id=32#webpage\",\"url\":\"https:\/\/www.elvalledeloscaidos.es\/portal\/?page_id=32\",\"name\":\"ASOCIARSE - ADVC\",\"isPartOf\":{\"@id\":\"https:\/\/www.elvalledeloscaidos.es\/portal\/#website\"},\"primaryImageOfPage\":{\"@id\":\"https:\/\/www.elvalledeloscaidos.es\/portal\/?page_id=32#primaryimage\"},\"datePublished\":\"2011-02-07T16:02:11+00:00\",\"dateModified\":\"2025-11-24T17:43:58+00:00\",\"breadcrumb\":{\"@id\":\"https:\/\/www.elvalledeloscaidos.es\/portal\/?page_id=32#breadcrumb\"},\"inLanguage\":\"es\",\"potentialAction\":[{\"@type\":\"ReadAction\",\"target\":[\"https:\/\/www.elvalledeloscaidos.es\/portal\/?page_id=32\"]}]},{\"@type\":\"BreadcrumbList\",\"@id\":\"https:\/\/www.elvalledeloscaidos.es\/portal\/?page_id=32#breadcrumb\",\"itemListElement\":[{\"@type\":\"ListItem\",\"position\":1,\"name\":\"Portada\",\"item\":\"https:\/\/www.elvalledeloscaidos.es\/portal\"},{\"@type\":\"ListItem\",\"position\":2,\"name\":\"ASOCIARSE\"}]}]}<\/script>\n<!-- \/ Yoast SEO plugin. -->","yoast_head_json":{"title":"ASOCIARSE - ADVC","robots":{"index":"index","follow":"follow","max-snippet":"max-snippet:-1","max-image-preview":"max-image-preview:large","max-video-preview":"max-video-preview:-1"},"canonical":"https:\/\/www.elvalledeloscaidos.es\/portal\/?page_id=32","og_locale":"es_ES","og_type":"article","og_title":"ASOCIARSE - ADVC","og_description":"En estos momentos tenemos cerrada la posibilidad de asociarse. En breves fechas el cupo de socios volver\u00e1 a ser reabierto. Muchas gracias ADVC DONATIVOS Transferencia bancaria &#8211; BANCO DE SANTANDER: IBAN ES74 0049 4008 41 2614033646 Tal\u00f3n nominativo A nombre de la Asociaci\u00f3n Para la Defensa del Valle de los [&hellip;]","og_url":"https:\/\/www.elvalledeloscaidos.es\/portal\/?page_id=32","og_site_name":"ADVC","article_modified_time":"2025-11-24T17:43:58+00:00","og_image":[{"url":"https:\/\/www.paypalobjects.com\/es_ES\/i\/scr\/pixel.gif"}],"twitter_card":"summary_large_image","twitter_misc":{"Tiempo de lectura":"1 minuto"},"schema":{"@context":"https:\/\/schema.org","@graph":[{"@type":"WebSite","@id":"https:\/\/www.elvalledeloscaidos.es\/portal\/#website","url":"https:\/\/www.elvalledeloscaidos.es\/portal\/","name":"ADVC","description":"Asociaci\u00f3n Para la Defensa del Valle de los Ca\u00eddos","potentialAction":[{"@type":"SearchAction","target":{"@type":"EntryPoint","urlTemplate":"https:\/\/www.elvalledeloscaidos.es\/portal\/?s={search_term_string}"},"query-input":"required name=search_term_string"}],"inLanguage":"es"},{"@type":"ImageObject","@id":"https:\/\/www.elvalledeloscaidos.es\/portal\/?page_id=32#primaryimage","inLanguage":"es","url":"https:\/\/www.paypalobjects.com\/es_ES\/i\/scr\/pixel.gif","contentUrl":"https:\/\/www.paypalobjects.com\/es_ES\/i\/scr\/pixel.gif"},{"@type":"WebPage","@id":"https:\/\/www.elvalledeloscaidos.es\/portal\/?page_id=32#webpage","url":"https:\/\/www.elvalledeloscaidos.es\/portal\/?page_id=32","name":"ASOCIARSE - ADVC","isPartOf":{"@id":"https:\/\/www.elvalledeloscaidos.es\/portal\/#website"},"primaryImageOfPage":{"@id":"https:\/\/www.elvalledeloscaidos.es\/portal\/?page_id=32#primaryimage"},"datePublished":"2011-02-07T16:02:11+00:00","dateModified":"2025-11-24T17:43:58+00:00","breadcrumb":{"@id":"https:\/\/www.elvalledeloscaidos.es\/portal\/?page_id=32#breadcrumb"},"inLanguage":"es","potentialAction":[{"@type":"ReadAction","target":["https:\/\/www.elvalledeloscaidos.es\/portal\/?page_id=32"]}]},{"@type":"BreadcrumbList","@id":"https:\/\/www.elvalledeloscaidos.es\/portal\/?page_id=32#breadcrumb","itemListElement":[{"@type":"ListItem","position":1,"name":"Portada","item":"https:\/\/www.elvalledeloscaidos.es\/portal"},{"@type":"ListItem","position":2,"name":"ASOCIARSE"}]}]}},"_links":{"self":[{"href":"https:\/\/www.elvalledeloscaidos.es\/portal\/index.php?rest_route=\/wp\/v2\/pages\/32"}],"collection":[{"href":"https:\/\/www.elvalledeloscaidos.es\/portal\/index.php?rest_route=\/wp\/v2\/pages"}],"about":[{"href":"https:\/\/www.elvalledeloscaidos.es\/portal\/index.php?rest_route=\/wp\/v2\/types\/page"}],"author":[{"embeddable":true,"href":"https:\/\/www.elvalledeloscaidos.es\/portal\/index.php?rest_route=\/wp\/v2\/users\/1"}],"replies":[{"embeddable":true,"href":"https:\/\/www.elvalledeloscaidos.es\/portal\/index.php?rest_route=%2Fwp%2Fv2%2Fcomments&post=32"}],"version-history":[{"count":94,"href":"https:\/\/www.elvalledeloscaidos.es\/portal\/index.php?rest_route=\/wp\/v2\/pages\/32\/revisions"}],"predecessor-version":[{"id":5658,"href":"https:\/\/www.elvalledeloscaidos.es\/portal\/index.php?rest_route=\/wp\/v2\/pages\/32\/revisions\/5658"}],"wp:attachment":[{"href":"https:\/\/www.elvalledeloscaidos.es\/portal\/index.php?rest_route=%2Fwp%2Fv2%2Fmedia&parent=32"}],"curies":[{"name":"wp","href":"https:\/\/api.w.org\/{rel}","templated":true}]}}